{"id":747,"date":"2021-03-22T12:00:20","date_gmt":"2021-03-22T12:00:20","guid":{"rendered":"http:\/\/3rivers.sk\/fooldal\/"},"modified":"2023-03-27T08:08:31","modified_gmt":"2023-03-27T08:08:31","slug":"fooldal","status":"publish","type":"page","link":"https:\/\/3rivers.sk\/sk\/","title":{"rendered":"\u00davod"},"content":{"rendered":"","protected":false},"excerpt":{"rendered":"","protected":false},"author":1,"featured_media":0,"parent":0,"menu_order":0,"comment_status":"closed","ping_status":"closed","template":"page-templates\/front-page.php","meta":[],"yoast_head":"<!-- This site is optimized with the Yoast SEO plugin v15.0 - https:\/\/yoast.com\/wordpress\/plugins\/seo\/ -->\n<title>\u00davod - 3 foly\u00f3 v\u00f6lgye<\/title>\n<meta name=\"robots\" content=\"index, follow, max-snippet:-1, max-image-preview:large, max-video-preview:-1\" \/>\n<link rel=\"canonical\" href=\"https:\/\/3rivers.sk\/sk\/\" \/>\n<meta property=\"og:locale\" content=\"sk_SK\" \/>\n<meta property=\"og:type\" content=\"article\" \/>\n<meta property=\"og:title\" content=\"\u00davod - 3 foly\u00f3 v\u00f6lgye\" \/>\n<meta property=\"og:url\" content=\"https:\/\/3rivers.sk\/sk\/\" \/>\n<meta property=\"og:site_name\" content=\"3 foly\u00f3 v\u00f6lgye\" \/>\n<meta property=\"article:publisher\" content=\"https:\/\/www.facebook.com\/3folyovolgye\/\" \/>\n<meta property=\"article:modified_time\" content=\"2023-03-27T08:08:31+00:00\" \/>\n<meta property=\"og:image\" content=\"https:\/\/3rivers.sk\/wp-content\/uploads\/2021\/08\/137639465_104350274962996_2371371383463789167_n.png\" \/>\n\t<meta property=\"og:image:width\" content=\"600\" \/>\n\t<meta property=\"og:image:height\" content=\"600\" \/>\n<meta name=\"twitter:card\" content=\"summary_large_image\" \/>\n<script type=\"application\/ld+json\" class=\"yoast-schema-graph\">{\"@context\":\"https:\/\/schema.org\",\"@graph\":[{\"@type\":\"Organization\",\"@id\":\"https:\/\/3rivers.sk\/sk\/#organization\",\"name\":\"3 foly\\u00f3 v\\u00f6lgye\",\"url\":\"https:\/\/3rivers.sk\/sk\/\",\"sameAs\":[\"https:\/\/www.facebook.com\/3folyovolgye\/\",\"https:\/\/www.instagram.com\/3rivers.valley\/\"],\"logo\":{\"@type\":\"ImageObject\",\"@id\":\"https:\/\/3rivers.sk\/sk\/#logo\",\"inLanguage\":\"sk-SK\",\"url\":\"https:\/\/3rivers.sk\/wp-content\/uploads\/2021\/05\/favicon.png\",\"width\":512,\"height\":512,\"caption\":\"3 foly\\u00f3 v\\u00f6lgye\"},\"image\":{\"@id\":\"https:\/\/3rivers.sk\/sk\/#logo\"}},{\"@type\":\"WebSite\",\"@id\":\"https:\/\/3rivers.sk\/sk\/#website\",\"url\":\"https:\/\/3rivers.sk\/sk\/\",\"name\":\"3 foly\\u00f3 v\\u00f6lgye\",\"description\":\"Fedezd fel a 3 foly\\u00f3 v\\u00f6lgye kincseit!\",\"publisher\":{\"@id\":\"https:\/\/3rivers.sk\/sk\/#organization\"},\"potentialAction\":[{\"@type\":\"SearchAction\",\"target\":\"https:\/\/3rivers.sk\/sk\/?s={search_term_string}\",\"query-input\":\"required name=search_term_string\"}],\"inLanguage\":\"sk-SK\"},{\"@type\":\"WebPage\",\"@id\":\"https:\/\/3rivers.sk\/sk\/#webpage\",\"url\":\"https:\/\/3rivers.sk\/sk\/\",\"name\":\"\\u00davod - 3 foly\\u00f3 v\\u00f6lgye\",\"isPartOf\":{\"@id\":\"https:\/\/3rivers.sk\/sk\/#website\"},\"datePublished\":\"2021-03-22T12:00:20+00:00\",\"dateModified\":\"2023-03-27T08:08:31+00:00\",\"inLanguage\":\"sk-SK\",\"potentialAction\":[{\"@type\":\"ReadAction\",\"target\":[\"https:\/\/3rivers.sk\/sk\/\"]}]}]}<\/script>\n<!-- \/ Yoast SEO plugin. -->","_links":{"self":[{"href":"https:\/\/3rivers.sk\/sk\/wp-json\/wp\/v2\/pages\/747"}],"collection":[{"href":"https:\/\/3rivers.sk\/sk\/wp-json\/wp\/v2\/pages"}],"about":[{"href":"https:\/\/3rivers.sk\/sk\/wp-json\/wp\/v2\/types\/page"}],"author":[{"embeddable":true,"href":"https:\/\/3rivers.sk\/sk\/wp-json\/wp\/v2\/users\/1"}],"replies":[{"embeddable":true,"href":"https:\/\/3rivers.sk\/sk\/wp-json\/wp\/v2\/comments?post=747"}],"version-history":[{"count":3,"href":"https:\/\/3rivers.sk\/sk\/wp-json\/wp\/v2\/pages\/747\/revisions"}],"predecessor-version":[{"id":1270,"href":"https:\/\/3rivers.sk\/sk\/wp-json\/wp\/v2\/pages\/747\/revisions\/1270"}],"wp:attachment":[{"href":"https:\/\/3rivers.sk\/sk\/wp-json\/wp\/v2\/media?parent=747"}],"curies":[{"name":"wp","href":"https:\/\/api.w.org\/{rel}","templated":true}]}}