{"id":751,"date":"2021-04-06T09:36:12","date_gmt":"2021-04-06T09:36:12","guid":{"rendered":"http:\/\/3rivers.sk\/rolunk\/"},"modified":"2021-05-18T07:35:28","modified_gmt":"2021-05-18T07:35:28","slug":"rolunk","status":"publish","type":"page","link":"https:\/\/3rivers.sk\/sk\/rolunk\/","title":{"rendered":"O n\u00e1s"},"content":{"rendered":"\n<p>Cras ultricies ligula sed magna dictum porta. Nulla porttitor accumsan tincidunt. Nulla quis lorem ut libero malesuada feugiat. Nulla porttitor accumsan tincidunt. Quisque velit nisi, pretium ut lacinia in, elementum id enim. Vestibulum ac diam sit amet quam vehicula elementum sed sit amet dui. Quisque velit nisi, pretium ut lacinia in, elementum id enim. Proin eget tortor risus. Vivamus suscipit tortor eget felis porttitor volutpat. Cras ultricies ligula sed magna dictum porta.<\/p>\n\n\n\n<p>Donec rutrum congue leo eget malesuada. Pellentesque in ipsum id orci porta dapibus. Quisque velit nisi, pretium ut lacinia in, elementum id enim. Curabitur aliquet quam id dui posuere blandit. Vestibulum ante ipsum primis in faucibus orci luctus et ultrices posuere cubilia Curae; Donec velit neque, auctor sit amet aliquam vel, ullamcorper sit amet ligula. Nulla quis lorem ut libero malesuada feugiat. Donec sollicitudin molestie malesuada. Quisque velit nisi, pretium ut lacinia in, elementum id enim. Vivamus magna justo, lacinia eget consectetur sed, convallis at tellus. Nulla porttitor accumsan tincidunt.<\/p>\n","protected":false},"excerpt":{"rendered":"<p>Cras ultricies ligula sed magna dictum porta. Nulla porttitor accumsan tincidunt. Nulla quis lorem ut libero malesuada feugiat. Nulla porttitor accumsan tincidunt. Quisque velit nisi, pretium ut lacinia in, elementum id enim. Vestibulum ac diam sit amet quam vehicula elementum sed sit amet dui. Quisque velit nisi, pretium ut lacinia in, elementum id enim. Proin [&hellip;]<\/p>\n","protected":false},"author":1,"featured_media":216,"parent":0,"menu_order":0,"comment_status":"closed","ping_status":"closed","template":"","meta":[],"yoast_head":"<!-- This site is optimized with the Yoast SEO plugin v15.0 - https:\/\/yoast.com\/wordpress\/plugins\/seo\/ -->\n<title>O n\u00e1s - 3 foly\u00f3 v\u00f6lgye<\/title>\n<meta name=\"robots\" content=\"index, follow, max-snippet:-1, max-image-preview:large, max-video-preview:-1\" \/>\n<link rel=\"canonical\" href=\"https:\/\/3rivers.sk\/sk\/rolunk\/\" \/>\n<meta property=\"og:locale\" content=\"sk_SK\" \/>\n<meta property=\"og:type\" content=\"article\" \/>\n<meta property=\"og:title\" content=\"O n\u00e1s - 3 foly\u00f3 v\u00f6lgye\" \/>\n<meta property=\"og:description\" content=\"Cras ultricies ligula sed magna dictum porta. Nulla porttitor accumsan tincidunt. Nulla quis lorem ut libero malesuada feugiat. Nulla porttitor accumsan tincidunt. Quisque velit nisi, pretium ut lacinia in, elementum id enim. Vestibulum ac diam sit amet quam vehicula elementum sed sit amet dui. Quisque velit nisi, pretium ut lacinia in, elementum id enim. Proin [&hellip;]\" \/>\n<meta property=\"og:url\" content=\"https:\/\/3rivers.sk\/sk\/rolunk\/\" \/>\n<meta property=\"og:site_name\" content=\"3 foly\u00f3 v\u00f6lgye\" \/>\n<meta property=\"article:publisher\" content=\"https:\/\/www.facebook.com\/3folyovolgye\/\" \/>\n<meta property=\"article:modified_time\" content=\"2021-05-18T07:35:28+00:00\" \/>\n<meta property=\"og:image\" content=\"https:\/\/3rivers.sk\/wp-content\/uploads\/2021\/04\/grape_variety-bg.png\" \/>\n\t<meta property=\"og:image:width\" content=\"1920\" \/>\n\t<meta property=\"og:image:height\" content=\"876\" \/>\n<meta name=\"twitter:card\" content=\"summary_large_image\" \/>\n<script type=\"application\/ld+json\" class=\"yoast-schema-graph\">{\"@context\":\"https:\/\/schema.org\",\"@graph\":[{\"@type\":\"Organization\",\"@id\":\"https:\/\/3rivers.sk\/sk\/#organization\",\"name\":\"3 foly\\u00f3 v\\u00f6lgye\",\"url\":\"https:\/\/3rivers.sk\/sk\/\",\"sameAs\":[\"https:\/\/www.facebook.com\/3folyovolgye\/\",\"https:\/\/www.instagram.com\/3rivers.valley\/\"],\"logo\":{\"@type\":\"ImageObject\",\"@id\":\"https:\/\/3rivers.sk\/sk\/#logo\",\"inLanguage\":\"sk-SK\",\"url\":\"https:\/\/3rivers.sk\/wp-content\/uploads\/2021\/05\/favicon.png\",\"width\":512,\"height\":512,\"caption\":\"3 foly\\u00f3 v\\u00f6lgye\"},\"image\":{\"@id\":\"https:\/\/3rivers.sk\/sk\/#logo\"}},{\"@type\":\"WebSite\",\"@id\":\"https:\/\/3rivers.sk\/sk\/#website\",\"url\":\"https:\/\/3rivers.sk\/sk\/\",\"name\":\"3 foly\\u00f3 v\\u00f6lgye\",\"description\":\"Fedezd fel a 3 foly\\u00f3 v\\u00f6lgye kincseit!\",\"publisher\":{\"@id\":\"https:\/\/3rivers.sk\/sk\/#organization\"},\"potentialAction\":[{\"@type\":\"SearchAction\",\"target\":\"https:\/\/3rivers.sk\/sk\/?s={search_term_string}\",\"query-input\":\"required name=search_term_string\"}],\"inLanguage\":\"sk-SK\"},{\"@type\":\"ImageObject\",\"@id\":\"https:\/\/3rivers.sk\/sk\/rolunk\/#primaryimage\",\"inLanguage\":\"sk-SK\",\"url\":\"https:\/\/3rivers.sk\/wp-content\/uploads\/2021\/04\/grape_variety-bg.png\",\"width\":1920,\"height\":876},{\"@type\":\"WebPage\",\"@id\":\"https:\/\/3rivers.sk\/sk\/rolunk\/#webpage\",\"url\":\"https:\/\/3rivers.sk\/sk\/rolunk\/\",\"name\":\"O n\\u00e1s - 3 foly\\u00f3 v\\u00f6lgye\",\"isPartOf\":{\"@id\":\"https:\/\/3rivers.sk\/sk\/#website\"},\"primaryImageOfPage\":{\"@id\":\"https:\/\/3rivers.sk\/sk\/rolunk\/#primaryimage\"},\"datePublished\":\"2021-04-06T09:36:12+00:00\",\"dateModified\":\"2021-05-18T07:35:28+00:00\",\"inLanguage\":\"sk-SK\",\"potentialAction\":[{\"@type\":\"ReadAction\",\"target\":[\"https:\/\/3rivers.sk\/sk\/rolunk\/\"]}]}]}<\/script>\n<!-- \/ Yoast SEO plugin. -->","_links":{"self":[{"href":"https:\/\/3rivers.sk\/sk\/wp-json\/wp\/v2\/pages\/751"}],"collection":[{"href":"https:\/\/3rivers.sk\/sk\/wp-json\/wp\/v2\/pages"}],"about":[{"href":"https:\/\/3rivers.sk\/sk\/wp-json\/wp\/v2\/types\/page"}],"author":[{"embeddable":true,"href":"https:\/\/3rivers.sk\/sk\/wp-json\/wp\/v2\/users\/1"}],"replies":[{"embeddable":true,"href":"https:\/\/3rivers.sk\/sk\/wp-json\/wp\/v2\/comments?post=751"}],"version-history":[{"count":1,"href":"https:\/\/3rivers.sk\/sk\/wp-json\/wp\/v2\/pages\/751\/revisions"}],"predecessor-version":[{"id":757,"href":"https:\/\/3rivers.sk\/sk\/wp-json\/wp\/v2\/pages\/751\/revisions\/757"}],"wp:featuredmedia":[{"embeddable":true,"href":"https:\/\/3rivers.sk\/sk\/wp-json\/wp\/v2\/media\/216"}],"wp:attachment":[{"href":"https:\/\/3rivers.sk\/sk\/wp-json\/wp\/v2\/media?parent=751"}],"curies":[{"name":"wp","href":"https:\/\/api.w.org\/{rel}","templated":true}]}}