{"id":752,"date":"2021-03-22T12:15:34","date_gmt":"2021-03-22T12:15:34","guid":{"rendered":"http:\/\/3rivers.sk\/tortenelem\/"},"modified":"2021-05-18T07:40:00","modified_gmt":"2021-05-18T07:40:00","slug":"historia","status":"publish","type":"page","link":"https:\/\/3rivers.sk\/sk\/historia\/","title":{"rendered":"Hist\u00f3ria"},"content":{"rendered":"\n<p>Vivamus magna justo, lacinia eget consectetur sed, convallis at tellus. Mauris blandit aliquet elit, eget tincidunt nibh pulvinar a. Pellentesque in ipsum id orci porta dapibus. Mauris blandit aliquet elit, eget tincidunt nibh pulvinar a. Curabitur non nulla sit amet nisl tempus convallis quis ac lectus. Quisque velit nisi, pretium ut lacinia in, elementum id enim. Nulla porttitor accumsan tincidunt. Curabitur arcu erat, accumsan id imperdiet et, porttitor at sem. Donec rutrum congue leo eget malesuada. Sed porttitor lectus nibh.<\/p>\n\n\n\n<p>Donec sollicitudin molestie malesuada. Sed porttitor lectus nibh. Vestibulum ante ipsum primis in faucibus orci luctus et ultrices posuere cubilia Curae; Donec velit neque, auctor sit amet aliquam vel, ullamcorper sit amet ligula. Pellentesque in ipsum id orci porta dapibus. Vivamus magna justo, lacinia eget consectetur sed, convallis at tellus. Curabitur aliquet quam id dui posuere blandit. Donec rutrum congue leo eget malesuada. Sed porttitor lectus nibh. Vestibulum ac diam sit amet quam vehicula elementum sed sit amet dui. Vestibulum ante ipsum primis in faucibus orci luctus et ultrices posuere cubilia Curae; Donec velit neque, auctor sit amet aliquam vel, ullamcorper sit amet ligula.<\/p>\n\n\n\n<figure class=\"wp-block-gallery columns-3 is-cropped\"><ul class=\"blocks-gallery-grid\"><li class=\"blocks-gallery-item\"><figure><img loading=\"lazy\" width=\"1024\" height=\"682\" src=\"https:\/\/3rivers.sk\/wp-content\/uploads\/2021\/03\/DJI_0175-Edit-1024x682.jpg\" alt=\"\" data-id=\"190\" data-full-url=\"https:\/\/3rivers.sk\/wp-content\/uploads\/2021\/03\/DJI_0175-Edit.jpg\" data-link=\"https:\/\/3rivers.sk\/vinery\/vilagi-winery\/dji_0175-edit\/\" class=\"wp-image-190\" srcset=\"https:\/\/3rivers.sk\/wp-content\/uploads\/2021\/03\/DJI_0175-Edit-1024x682.jpg 1024w, https:\/\/3rivers.sk\/wp-content\/uploads\/2021\/03\/DJI_0175-Edit-300x200.jpg 300w, https:\/\/3rivers.sk\/wp-content\/uploads\/2021\/03\/DJI_0175-Edit-768x512.jpg 768w, https:\/\/3rivers.sk\/wp-content\/uploads\/2021\/03\/DJI_0175-Edit-391x260.jpg 391w, https:\/\/3rivers.sk\/wp-content\/uploads\/2021\/03\/DJI_0175-Edit.jpg 1153w\" sizes=\"(max-width: 1024px) 100vw, 1024px\" \/><\/figure><\/li><li class=\"blocks-gallery-item\"><figure><img loading=\"lazy\" width=\"683\" height=\"1024\" src=\"https:\/\/3rivers.sk\/wp-content\/uploads\/2021\/03\/PG_R6735-683x1024.jpg\" alt=\"\" data-id=\"188\" data-full-url=\"https:\/\/3rivers.sk\/wp-content\/uploads\/2021\/03\/PG_R6735-scaled.jpg\" data-link=\"https:\/\/3rivers.sk\/vinery\/vilagi-winery\/pg_r6735\/\" class=\"wp-image-188\" srcset=\"https:\/\/3rivers.sk\/wp-content\/uploads\/2021\/03\/PG_R6735-683x1024.jpg 683w, https:\/\/3rivers.sk\/wp-content\/uploads\/2021\/03\/PG_R6735-200x300.jpg 200w, https:\/\/3rivers.sk\/wp-content\/uploads\/2021\/03\/PG_R6735-768x1152.jpg 768w, https:\/\/3rivers.sk\/wp-content\/uploads\/2021\/03\/PG_R6735-1024x1536.jpg 1024w, https:\/\/3rivers.sk\/wp-content\/uploads\/2021\/03\/PG_R6735-1365x2048.jpg 1365w, https:\/\/3rivers.sk\/wp-content\/uploads\/2021\/03\/PG_R6735-scaled.jpg 1706w\" sizes=\"(max-width: 683px) 100vw, 683px\" \/><\/figure><\/li><li class=\"blocks-gallery-item\"><figure><img loading=\"lazy\" width=\"1024\" height=\"683\" src=\"https:\/\/3rivers.sk\/wp-content\/uploads\/2021\/03\/PG_R6430-1024x683.jpg\" alt=\"\" data-id=\"186\" data-full-url=\"https:\/\/3rivers.sk\/wp-content\/uploads\/2021\/03\/PG_R6430-scaled.jpg\" data-link=\"https:\/\/3rivers.sk\/vinery\/vilagi-winery\/pg_r6430\/\" class=\"wp-image-186\" srcset=\"https:\/\/3rivers.sk\/wp-content\/uploads\/2021\/03\/PG_R6430-1024x683.jpg 1024w, https:\/\/3rivers.sk\/wp-content\/uploads\/2021\/03\/PG_R6430-300x200.jpg 300w, https:\/\/3rivers.sk\/wp-content\/uploads\/2021\/03\/PG_R6430-768x512.jpg 768w, https:\/\/3rivers.sk\/wp-content\/uploads\/2021\/03\/PG_R6430-391x260.jpg 391w, https:\/\/3rivers.sk\/wp-content\/uploads\/2021\/03\/PG_R6430-1536x1024.jpg 1536w, https:\/\/3rivers.sk\/wp-content\/uploads\/2021\/03\/PG_R6430-2048x1365.jpg 2048w\" sizes=\"(max-width: 1024px) 100vw, 1024px\" \/><\/figure><\/li><\/ul><\/figure>\n\n\n\n<p>Vivamus magna justo, lacinia eget consectetur sed, convallis at tellus. Mauris blandit aliquet elit, eget tincidunt nibh pulvinar a. Pellentesque in ipsum id orci porta dapibus. Mauris blandit aliquet elit, eget tincidunt nibh pulvinar a. Curabitur non nulla sit amet nisl tempus convallis quis ac lectus. Quisque velit nisi, pretium ut lacinia in, elementum id enim. Nulla porttitor accumsan tincidunt. Curabitur arcu erat, accumsan id imperdiet et, porttitor at sem. Donec rutrum congue leo eget malesuada. Sed porttitor lectus nibh.<\/p>\n","protected":false},"excerpt":{"rendered":"<p>Vivamus magna justo, lacinia eget consectetur sed, convallis at tellus. Mauris blandit aliquet elit, eget tincidunt nibh pulvinar a. Pellentesque in ipsum id orci porta dapibus. Mauris blandit aliquet elit, eget tincidunt nibh pulvinar a. Curabitur non nulla sit amet nisl tempus convallis quis ac lectus. Quisque velit nisi, pretium ut lacinia in, elementum id [&hellip;]<\/p>\n","protected":false},"author":1,"featured_media":1110,"parent":0,"menu_order":0,"comment_status":"closed","ping_status":"closed","template":"","meta":[],"yoast_head":"<!-- This site is optimized with the Yoast SEO plugin v15.0 - https:\/\/yoast.com\/wordpress\/plugins\/seo\/ -->\n<title>Hist\u00f3ria - 3 foly\u00f3 v\u00f6lgye<\/title>\n<meta name=\"robots\" content=\"index, follow, max-snippet:-1, max-image-preview:large, max-video-preview:-1\" \/>\n<link rel=\"canonical\" href=\"https:\/\/3rivers.sk\/sk\/historia\/\" \/>\n<meta property=\"og:locale\" content=\"sk_SK\" \/>\n<meta property=\"og:type\" content=\"article\" \/>\n<meta property=\"og:title\" content=\"Hist\u00f3ria - 3 foly\u00f3 v\u00f6lgye\" \/>\n<meta property=\"og:description\" content=\"Vivamus magna justo, lacinia eget consectetur sed, convallis at tellus. Mauris blandit aliquet elit, eget tincidunt nibh pulvinar a. Pellentesque in ipsum id orci porta dapibus. Mauris blandit aliquet elit, eget tincidunt nibh pulvinar a. Curabitur non nulla sit amet nisl tempus convallis quis ac lectus. Quisque velit nisi, pretium ut lacinia in, elementum id [&hellip;]\" \/>\n<meta property=\"og:url\" content=\"https:\/\/3rivers.sk\/sk\/historia\/\" \/>\n<meta property=\"og:site_name\" content=\"3 foly\u00f3 v\u00f6lgye\" \/>\n<meta property=\"article:publisher\" content=\"https:\/\/www.facebook.com\/3folyovolgye\/\" \/>\n<meta property=\"article:modified_time\" content=\"2021-05-18T07:40:00+00:00\" \/>\n<meta property=\"og:image\" content=\"https:\/\/3rivers.sk\/wp-content\/uploads\/2021\/08\/IMG_20210221_191642-scaled.jpg\" \/>\n\t<meta property=\"og:image:width\" content=\"2560\" \/>\n\t<meta property=\"og:image:height\" content=\"1998\" \/>\n<meta name=\"twitter:card\" content=\"summary_large_image\" \/>\n<script type=\"application\/ld+json\" class=\"yoast-schema-graph\">{\"@context\":\"https:\/\/schema.org\",\"@graph\":[{\"@type\":\"Organization\",\"@id\":\"https:\/\/3rivers.sk\/sk\/#organization\",\"name\":\"3 foly\\u00f3 v\\u00f6lgye\",\"url\":\"https:\/\/3rivers.sk\/sk\/\",\"sameAs\":[\"https:\/\/www.facebook.com\/3folyovolgye\/\",\"https:\/\/www.instagram.com\/3rivers.valley\/\"],\"logo\":{\"@type\":\"ImageObject\",\"@id\":\"https:\/\/3rivers.sk\/sk\/#logo\",\"inLanguage\":\"sk-SK\",\"url\":\"https:\/\/3rivers.sk\/wp-content\/uploads\/2021\/05\/favicon.png\",\"width\":512,\"height\":512,\"caption\":\"3 foly\\u00f3 v\\u00f6lgye\"},\"image\":{\"@id\":\"https:\/\/3rivers.sk\/sk\/#logo\"}},{\"@type\":\"WebSite\",\"@id\":\"https:\/\/3rivers.sk\/sk\/#website\",\"url\":\"https:\/\/3rivers.sk\/sk\/\",\"name\":\"3 foly\\u00f3 v\\u00f6lgye\",\"description\":\"Fedezd fel a 3 foly\\u00f3 v\\u00f6lgye kincseit!\",\"publisher\":{\"@id\":\"https:\/\/3rivers.sk\/sk\/#organization\"},\"potentialAction\":[{\"@type\":\"SearchAction\",\"target\":\"https:\/\/3rivers.sk\/sk\/?s={search_term_string}\",\"query-input\":\"required name=search_term_string\"}],\"inLanguage\":\"sk-SK\"},{\"@type\":\"ImageObject\",\"@id\":\"https:\/\/3rivers.sk\/sk\/historia\/#primaryimage\",\"inLanguage\":\"sk-SK\",\"url\":\"https:\/\/3rivers.sk\/wp-content\/uploads\/2021\/08\/IMG_20210221_191642-scaled.jpg\",\"width\":2560,\"height\":1998,\"caption\":\"hdrpl\"},{\"@type\":\"WebPage\",\"@id\":\"https:\/\/3rivers.sk\/sk\/historia\/#webpage\",\"url\":\"https:\/\/3rivers.sk\/sk\/historia\/\",\"name\":\"Hist\\u00f3ria - 3 foly\\u00f3 v\\u00f6lgye\",\"isPartOf\":{\"@id\":\"https:\/\/3rivers.sk\/sk\/#website\"},\"primaryImageOfPage\":{\"@id\":\"https:\/\/3rivers.sk\/sk\/historia\/#primaryimage\"},\"datePublished\":\"2021-03-22T12:15:34+00:00\",\"dateModified\":\"2021-05-18T07:40:00+00:00\",\"inLanguage\":\"sk-SK\",\"potentialAction\":[{\"@type\":\"ReadAction\",\"target\":[\"https:\/\/3rivers.sk\/sk\/historia\/\"]}]}]}<\/script>\n<!-- \/ Yoast SEO plugin. -->","_links":{"self":[{"href":"https:\/\/3rivers.sk\/sk\/wp-json\/wp\/v2\/pages\/752"}],"collection":[{"href":"https:\/\/3rivers.sk\/sk\/wp-json\/wp\/v2\/pages"}],"about":[{"href":"https:\/\/3rivers.sk\/sk\/wp-json\/wp\/v2\/types\/page"}],"author":[{"embeddable":true,"href":"https:\/\/3rivers.sk\/sk\/wp-json\/wp\/v2\/users\/1"}],"replies":[{"embeddable":true,"href":"https:\/\/3rivers.sk\/sk\/wp-json\/wp\/v2\/comments?post=752"}],"version-history":[{"count":1,"href":"https:\/\/3rivers.sk\/sk\/wp-json\/wp\/v2\/pages\/752\/revisions"}],"predecessor-version":[{"id":760,"href":"https:\/\/3rivers.sk\/sk\/wp-json\/wp\/v2\/pages\/752\/revisions\/760"}],"wp:featuredmedia":[{"embeddable":true,"href":"https:\/\/3rivers.sk\/sk\/wp-json\/wp\/v2\/media\/1110"}],"wp:attachment":[{"href":"https:\/\/3rivers.sk\/sk\/wp-json\/wp\/v2\/media?parent=752"}],"curies":[{"name":"wp","href":"https:\/\/api.w.org\/{rel}","templated":true}]}}